{"id":38,"date":"2022-04-03T23:09:16","date_gmt":"2022-04-03T21:09:16","guid":{"rendered":"https:\/\/catherinestruys.be\/?page_id=38"},"modified":"2025-09-21T20:22:10","modified_gmt":"2025-09-21T18:22:10","slug":"accueil","status":"publish","type":"page","link":"https:\/\/catherinestruys.be\/","title":{"rendered":"Accueil"},"content":{"rendered":"\n<p>\u00c7a fait un petit temps que je n\u2019ai plus \u00e9t\u00e9 active sur ce site\u2026 mais me voil\u00e0 de retour!<\/p>\n\n\n\n<p>L\u2019ann\u00e9e qui s\u2019est \u00e9coul\u00e9e a \u00e9t\u00e9 l\u2019occasion d\u2019une remise en question tant professionnelle que personnelle et je me sens aujourd\u2019hui plus proche de moi-m\u00eame, de mes valeurs, de mes choix.<\/p>\n\n\n\n<p>Mon dernier enregistrement solo date de 2008, presque 20 ans\u2026 (rien que de le voir \u00e9crit, \u00e7a fait un dr\u00f4le d\u2019effet ;)).&nbsp;<\/p>\n\n\n\n<p>Je ne me suis jamais consid\u00e9r\u00e9e comme une soliste. Je suis une chambriste dans l\u2019\u00e2me et vous savez combien le duo que je forme avec Wouter, \u00e0 la vie comme \u00e0 la sc\u00e8ne, compte \u00e0 mes yeux! Je crois dans le r\u00e9pertoire de notre duo plus que tout! Continuer de susciter les compositeurs que nous aimons \u00e0 \u00e9crire pour guitare et violoncelle afin de d\u00e9velopper le r\u00e9pertoire existant pour cette formation a une importance toute particuli\u00e8re \u00e0 mes yeux.<\/p>\n\n\n\n<p>\u00catre chambriste ne m\u2019emp\u00eache pas d\u2019aimer profond\u00e9ment le r\u00e9pertoire pour guitare solo.<\/p>\n\n\n\n<p>Durant cette ann\u00e9e riche en r\u00e9flexions, je suis retomb\u00e9e sur ma liste des \u00ab&nbsp;pi\u00e8ces que j\u2019aimerais jouer avant de quitter ce monde&nbsp;\u00bb\u2026 et en red\u00e9couvrant certaines d\u2019entre elles, l\u2019envie m\u2019est revenue d\u2019explorer cette part de moi-m\u00eame.<\/p>\n\n\n\n<p>Au fil des mois, je me suis mise \u00e0 travailler ces pi\u00e8ces, une \u00e0 une, \u00e0 me les approprier et\u2026 finalement avoir simplement envie de partager avec vous ces pi\u00e8ces qui font battre mon coeur un peu plus fort.&nbsp;<\/p>\n\n\n\n<p>Ce 26 septembre 2025, sortira le premier opus de cette s\u00e9rie avec l&rsquo;\u00c9l\u00e9gie de Johann Kaspar Mertz. Si vous avez envie de d\u00e9couvrir mes incontournables, je vous invite \u00e0 me rejoindre sur Spotify, Deezer, Qobuz\u2026 ou la plate-forme de votre choix. Et si vous souhaitez me soutenir dans ma d\u00e9marche, il vous est \u00e9galement possible de vous procurer ces enregistrements en haute r\u00e9solution <a href=\"https:\/\/catherinestruys.be\/index.php\/product\/elegie-johann-kaspar-mertz\/\">sur ce site<\/a> \ud83d\ude09<\/p>\n\n\n\n<p>Musicalement v\u00f4tre,<\/p>\n\n\n\n<p>Catherine<\/p>\n\n\n\n<figure class=\"wp-block-image size-medium\"><a href=\"https:\/\/catherinestruys.be\/index.php\/product\/elegie-johann-kaspar-mertz\/\"><img data-recalc-dims=\"1\" loading=\"lazy\" decoding=\"async\" width=\"300\" height=\"300\" src=\"https:\/\/i0.wp.com\/catherinestruys.be\/wp-content\/uploads\/2025\/09\/COVER-ELEGIE-300x300.jpg?resize=300%2C300&#038;ssl=1\" alt=\"\" class=\"wp-image-91\" srcset=\"https:\/\/i0.wp.com\/catherinestruys.be\/wp-content\/uploads\/2025\/09\/COVER-ELEGIE-scaled.jpg?resize=300%2C300&amp;ssl=1 300w, https:\/\/i0.wp.com\/catherinestruys.be\/wp-content\/uploads\/2025\/09\/COVER-ELEGIE-scaled.jpg?resize=1024%2C1024&amp;ssl=1 1024w, https:\/\/i0.wp.com\/catherinestruys.be\/wp-content\/uploads\/2025\/09\/COVER-ELEGIE-scaled.jpg?resize=150%2C150&amp;ssl=1 150w, https:\/\/i0.wp.com\/catherinestruys.be\/wp-content\/uploads\/2025\/09\/COVER-ELEGIE-scaled.jpg?resize=768%2C768&amp;ssl=1 768w, https:\/\/i0.wp.com\/catherinestruys.be\/wp-content\/uploads\/2025\/09\/COVER-ELEGIE-scaled.jpg?resize=1536%2C1536&amp;ssl=1 1536w, https:\/\/i0.wp.com\/catherinestruys.be\/wp-content\/uploads\/2025\/09\/COVER-ELEGIE-scaled.jpg?resize=2048%2C2048&amp;ssl=1 2048w, https:\/\/i0.wp.com\/catherinestruys.be\/wp-content\/uploads\/2025\/09\/COVER-ELEGIE-scaled.jpg?resize=60%2C60&amp;ssl=1 60w, https:\/\/i0.wp.com\/catherinestruys.be\/wp-content\/uploads\/2025\/09\/COVER-ELEGIE-scaled.jpg?resize=1320%2C1320&amp;ssl=1 1320w, https:\/\/i0.wp.com\/catherinestruys.be\/wp-content\/uploads\/2025\/09\/COVER-ELEGIE-scaled.jpg?resize=600%2C600&amp;ssl=1 600w, https:\/\/i0.wp.com\/catherinestruys.be\/wp-content\/uploads\/2025\/09\/COVER-ELEGIE-scaled.jpg?resize=100%2C100&amp;ssl=1 100w, https:\/\/i0.wp.com\/catherinestruys.be\/wp-content\/uploads\/2025\/09\/COVER-ELEGIE-scaled.jpg?w=1680&amp;ssl=1 1680w, https:\/\/i0.wp.com\/catherinestruys.be\/wp-content\/uploads\/2025\/09\/COVER-ELEGIE-scaled.jpg?w=2520&amp;ssl=1 2520w\" sizes=\"auto, (max-width: 300px) 100vw, 300px\" \/><\/a><\/figure>\n\n\n\n<figure class=\"wp-block-pullquote\"><blockquote><p>D\u00e9couvrez le nouvel album d&rsquo;Edenwood Duo<\/p><cite><a href=\"https:\/\/www.edenwoodduo.com\/A_Croch_Note_Production.F.htm\" data-type=\"URL\" data-id=\"https:\/\/www.edenwoodduo.com\/A_Croch_Note_Production.F.htm\" target=\"_blank\" rel=\"noreferrer noopener\">light blue<\/a><\/cite><\/blockquote><\/figure>\n\n\n\n<figure class=\"wp-block-embed is-type-video is-provider-youtube wp-block-embed-youtube wp-embed-aspect-16-9 wp-has-aspect-ratio\"><div class=\"wp-block-embed__wrapper\">\n<iframe loading=\"lazy\" title=\"R\u00eave Fou - Mathias Duplessy - Edenwood Duo (cello and guitar duo)\" width=\"840\" height=\"473\" src=\"https:\/\/www.youtube.com\/embed\/Hm21tCWtvss?feature=oembed\" frameborder=\"0\" allow=\"accelerometer; autoplay; clipboard-write; encrypted-media; gyroscope; picture-in-picture; web-share\" referrerpolicy=\"strict-origin-when-cross-origin\" allowfullscreen><\/iframe>\n<\/div><figcaption class=\"wp-element-caption\">Vid\u00e9o r\u00e9alis\u00e9e pour la sortie de l&rsquo;album <em>Light Blue<\/em><\/figcaption><\/figure>\n","protected":false},"excerpt":{"rendered":"<p>\u00c7a fait un petit temps que je n\u2019ai plus \u00e9t\u00e9 active sur ce site\u2026 mais me voil\u00e0 de retour! L\u2019ann\u00e9e qui s\u2019est \u00e9coul\u00e9e a \u00e9t\u00e9 &hellip; <\/p>\n","protected":false},"author":1,"featured_media":0,"parent":0,"menu_order":0,"comment_status":"closed","ping_status":"closed","template":"","meta":{"footnotes":""},"class_list":["post-38","page","type-page","status-publish","hentry","latest_post"],"jetpack_sharing_enabled":true,"_links":{"self":[{"href":"https:\/\/catherinestruys.be\/index.php\/wp-json\/wp\/v2\/pages\/38","targetHints":{"allow":["GET"]}}],"collection":[{"href":"https:\/\/catherinestruys.be\/index.php\/wp-json\/wp\/v2\/pages"}],"about":[{"href":"https:\/\/catherinestruys.be\/index.php\/wp-json\/wp\/v2\/types\/page"}],"author":[{"embeddable":true,"href":"https:\/\/catherinestruys.be\/index.php\/wp-json\/wp\/v2\/users\/1"}],"replies":[{"embeddable":true,"href":"https:\/\/catherinestruys.be\/index.php\/wp-json\/wp\/v2\/comments?post=38"}],"version-history":[{"count":8,"href":"https:\/\/catherinestruys.be\/index.php\/wp-json\/wp\/v2\/pages\/38\/revisions"}],"predecessor-version":[{"id":113,"href":"https:\/\/catherinestruys.be\/index.php\/wp-json\/wp\/v2\/pages\/38\/revisions\/113"}],"wp:attachment":[{"href":"https:\/\/catherinestruys.be\/index.php\/wp-json\/wp\/v2\/media?parent=38"}],"curies":[{"name":"wp","href":"https:\/\/api.w.org\/{rel}","templated":true}]}}